{"id":2920,"date":"2021-02-10T09:17:58","date_gmt":"2021-02-10T08:17:58","guid":{"rendered":"http:\/\/dev.hotel-porin.hr\/restoran\/"},"modified":"2025-07-24T09:05:36","modified_gmt":"2025-07-24T07:05:36","slug":"restaurant-pizzeria-topolino-bol-brac","status":"publish","type":"page","link":"https:\/\/kastil.hr\/en\/restaurant-pizzeria-topolino-bol-brac\/","title":{"rendered":"Restaurant and Pizzeria Topolino"},"content":{"rendered":"\t\t<div data-elementor-type=\"wp-post\" data-elementor-id=\"2920\" class=\"elementor elementor-2920 elementor-423\">\n\t\t\t\t\t\t\t\t\t<section class=\"elementor-section elementor-top-section elementor-element elementor-element-83f9fd9 elementor-section-boxed elementor-section-height-default elementor-section-height-default\" data-id=\"83f9fd9\" data-element_type=\"section\" data-settings=\"{&quot;hoteller_ext_is_background_parallax&quot;:&quot;false&quot;,&quot;hoteller_ext_is_background_on_scroll&quot;:&quot;false&quot;}\">\n\t\t\t\t\t\t<div class=\"elementor-container elementor-column-gap-default\">\n\t\t\t\t\t<div class=\"elementor-column elementor-col-100 elementor-top-column elementor-element elementor-element-46969c5\" data-id=\"46969c5\" data-element_type=\"column\" data-settings=\"{&quot;hoteller_ext_is_scrollme&quot;:&quot;false&quot;,&quot;hoteller_ext_is_smoove&quot;:&quot;false&quot;,&quot;hoteller_ext_is_parallax_mouse&quot;:&quot;false&quot;,&quot;hoteller_ext_is_infinite&quot;:&quot;false&quot;,&quot;hoteller_ext_is_fadeout_animation&quot;:&quot;false&quot;}\">\n\t\t\t<div class=\"elementor-widget-wrap elementor-element-populated\">\n\t\t\t\t\t\t\t\t<div class=\"elementor-element elementor-element-67139d5 elementor-widget elementor-widget-heading\" data-id=\"67139d5\" data-element_type=\"widget\" id=\"topolino\" data-settings=\"{&quot;hoteller_ext_is_scrollme&quot;:&quot;false&quot;,&quot;hoteller_ext_is_smoove&quot;:&quot;false&quot;,&quot;hoteller_ext_is_parallax_mouse&quot;:&quot;false&quot;,&quot;hoteller_ext_is_infinite&quot;:&quot;false&quot;,&quot;hoteller_ext_is_fadeout_animation&quot;:&quot;false&quot;}\" data-widget_type=\"heading.default\">\n\t\t\t\t<div class=\"elementor-widget-container\">\n\t\t\t<h1 class=\"elementor-heading-title elementor-size-default\">Restaurant and Pizzeria Toplino<\/h1>\t\t<\/div>\n\t\t\t\t<\/div>\n\t\t\t\t\t<\/div>\n\t\t<\/div>\n\t\t\t\t\t\t\t<\/div>\n\t\t<\/section>\n\t\t\t\t<section class=\"elementor-section elementor-top-section elementor-element elementor-element-22198dc elementor-section-height-min-height elementor-section-items-stretch elementor-section-stretched elementor-section-boxed elementor-section-height-default elementor-invisible\" data-id=\"22198dc\" data-element_type=\"section\" data-settings=\"{&quot;background_background&quot;:&quot;classic&quot;,&quot;animation&quot;:&quot;fadeInLeft&quot;,&quot;animation_mobile&quot;:&quot;fadeInLeft&quot;,&quot;stretch_section&quot;:&quot;section-stretched&quot;,&quot;hoteller_ext_is_background_parallax&quot;:&quot;false&quot;,&quot;hoteller_ext_is_background_on_scroll&quot;:&quot;false&quot;}\">\n\t\t\t\t\t\t<div class=\"elementor-container elementor-column-gap-default\">\n\t\t\t\t\t<div class=\"elementor-column elementor-col-50 elementor-top-column elementor-element elementor-element-e2ae82b\" data-id=\"e2ae82b\" data-element_type=\"column\" data-settings=\"{&quot;hoteller_ext_is_scrollme&quot;:&quot;false&quot;,&quot;hoteller_ext_is_smoove&quot;:&quot;false&quot;,&quot;hoteller_ext_is_parallax_mouse&quot;:&quot;false&quot;,&quot;hoteller_ext_is_infinite&quot;:&quot;false&quot;,&quot;hoteller_ext_is_fadeout_animation&quot;:&quot;false&quot;}\">\n\t\t\t<div class=\"elementor-widget-wrap\">\n\t\t\t\t\t\t\t\t\t<\/div>\n\t\t<\/div>\n\t\t\t\t<div class=\"elementor-column elementor-col-50 elementor-top-column elementor-element elementor-element-56cbb72\" data-id=\"56cbb72\" data-element_type=\"column\" data-settings=\"{&quot;hoteller_ext_is_scrollme&quot;:&quot;false&quot;,&quot;hoteller_ext_is_smoove&quot;:&quot;false&quot;,&quot;hoteller_ext_is_parallax_mouse&quot;:&quot;false&quot;,&quot;hoteller_ext_is_infinite&quot;:&quot;false&quot;,&quot;hoteller_ext_is_fadeout_animation&quot;:&quot;false&quot;}\">\n\t\t\t<div class=\"elementor-widget-wrap\">\n\t\t\t\t\t\t\t\t\t<\/div>\n\t\t<\/div>\n\t\t\t\t\t\t\t<\/div>\n\t\t<\/section>\n\t\t\t\t<section class=\"elementor-section elementor-top-section elementor-element elementor-element-5c168b8 elementor-section-boxed elementor-section-height-default elementor-section-height-default\" data-id=\"5c168b8\" data-element_type=\"section\" data-settings=\"{&quot;hoteller_ext_is_background_parallax&quot;:&quot;false&quot;,&quot;hoteller_ext_is_background_on_scroll&quot;:&quot;false&quot;}\">\n\t\t\t\t\t\t<div class=\"elementor-container elementor-column-gap-default\">\n\t\t\t\t\t<div class=\"elementor-column elementor-col-100 elementor-top-column elementor-element elementor-element-f5b2d1b\" data-id=\"f5b2d1b\" data-element_type=\"column\" data-settings=\"{&quot;hoteller_ext_is_scrollme&quot;:&quot;false&quot;,&quot;hoteller_ext_is_smoove&quot;:&quot;false&quot;,&quot;hoteller_ext_is_parallax_mouse&quot;:&quot;false&quot;,&quot;hoteller_ext_is_infinite&quot;:&quot;false&quot;,&quot;hoteller_ext_is_fadeout_animation&quot;:&quot;false&quot;}\">\n\t\t\t<div class=\"elementor-widget-wrap elementor-element-populated\">\n\t\t\t\t\t\t\t\t<div class=\"elementor-element elementor-element-39ae7b2 elementor-widget elementor-widget-text-editor\" data-id=\"39ae7b2\" data-element_type=\"widget\" data-settings=\"{&quot;hoteller_ext_is_scrollme&quot;:&quot;false&quot;,&quot;hoteller_ext_is_smoove&quot;:&quot;false&quot;,&quot;hoteller_ext_is_parallax_mouse&quot;:&quot;false&quot;,&quot;hoteller_ext_is_infinite&quot;:&quot;false&quot;,&quot;hoteller_ext_is_fadeout_animation&quot;:&quot;false&quot;}\" data-widget_type=\"text-editor.default\">\n\t\t\t\t<div class=\"elementor-widget-container\">\n\t\t\t\t\t\t\t<p>The terrace of the pizzeria\/restaurant Topolino is just a few meters from the sea. With a few old pine trees and live music, it&#8217;s clear why there&#8217;s always a free seat waiting in Topolino. In addition to excellent pizzas, we recommend pasta and other popular specialties that we offer in Topolino.<\/p>\t\t\t\t\t\t<\/div>\n\t\t\t\t<\/div>\n\t\t\t\t\t<\/div>\n\t\t<\/div>\n\t\t\t\t\t\t\t<\/div>\n\t\t<\/section>\n\t\t\t\t<section class=\"elementor-section elementor-top-section elementor-element elementor-element-29611b5 elementor-section-stretched elementor-section-boxed elementor-section-height-default elementor-section-height-default\" data-id=\"29611b5\" data-element_type=\"section\" data-settings=\"{&quot;stretch_section&quot;:&quot;section-stretched&quot;,&quot;hoteller_ext_is_background_parallax&quot;:&quot;false&quot;,&quot;hoteller_ext_is_background_on_scroll&quot;:&quot;false&quot;}\">\n\t\t\t\t\t\t<div class=\"elementor-container elementor-column-gap-default\">\n\t\t\t\t\t<div class=\"elementor-column elementor-col-100 elementor-top-column elementor-element elementor-element-2db0671\" data-id=\"2db0671\" data-element_type=\"column\" data-settings=\"{&quot;hoteller_ext_is_scrollme&quot;:&quot;false&quot;,&quot;hoteller_ext_is_smoove&quot;:&quot;false&quot;,&quot;hoteller_ext_is_parallax_mouse&quot;:&quot;false&quot;,&quot;hoteller_ext_is_infinite&quot;:&quot;false&quot;,&quot;hoteller_ext_is_fadeout_animation&quot;:&quot;false&quot;}\">\n\t\t\t<div class=\"elementor-widget-wrap elementor-element-populated\">\n\t\t\t\t\t\t\t\t<div class=\"elementor-element elementor-element-c76f678 kastel-justified-gallery elementor-widget elementor-widget-hoteller-gallery-grid\" data-id=\"c76f678\" data-element_type=\"widget\" data-settings=\"{&quot;hoteller_ext_is_scrollme&quot;:&quot;false&quot;,&quot;hoteller_ext_is_smoove&quot;:&quot;false&quot;,&quot;hoteller_ext_is_parallax_mouse&quot;:&quot;false&quot;,&quot;hoteller_ext_is_infinite&quot;:&quot;false&quot;,&quot;hoteller_ext_is_fadeout_animation&quot;:&quot;false&quot;}\" data-widget_type=\"hoteller-gallery-grid.default\">\n\t\t\t\t<div class=\"elementor-widget-container\">\n\t\t\t<div class=\"gallery_grid_content_wrapper layout_tg_four_cols \">\n\t\t<div class=\"gallery_grid_item tg_four_cols  gallery-grid-tilt lazy\">\n\t\t\t\t\t\t\t<a class=\"tg_gallery_lightbox\" href=\"https:\/\/kastil.hr\/wp-content\/uploads\/2025\/06\/Pogled-na-more-s-terase-Topolino.jpg\" data-thumb=\"https:\/\/kastil.hr\/wp-content\/uploads\/2025\/06\/Pogled-na-more-s-terase-Topolino-300x169.jpg\" data-rel=\"tg_galleryc76f678\"  >\n\t\t\t\t\t\t\t<img decoding=\"async\" src=\"\" data-src=\"https:\/\/kastil.hr\/wp-content\/uploads\/2025\/06\/Pogled-na-more-s-terase-Topolino-700x466.jpg\" class=\"lazy\" alt=\"Pogled prema moru s terase Topolino\" \/>\n\t\t\t\t\t\t\t<\/a>\n\t\t\t\t\t<\/div>\n\t\t<div class=\"gallery_grid_item tg_four_cols  gallery-grid-tilt lazy\">\n\t\t\t\t\t\t\t<a class=\"tg_gallery_lightbox\" href=\"https:\/\/kastil.hr\/wp-content\/uploads\/2025\/06\/Dorucak-posluzen-na-terasi-Topolino.jpg\" data-thumb=\"https:\/\/kastil.hr\/wp-content\/uploads\/2025\/06\/Dorucak-posluzen-na-terasi-Topolino-300x169.jpg\" data-rel=\"tg_galleryc76f678\"  >\n\t\t\t\t\t\t\t<img decoding=\"async\" src=\"\" data-src=\"https:\/\/kastil.hr\/wp-content\/uploads\/2025\/06\/Dorucak-posluzen-na-terasi-Topolino-700x466.jpg\" class=\"lazy\" alt=\"Ma\u0161tovito poslu\u017een doru\u010dak sa svje\u017eim vo\u0107nim sokom i kavom\" \/>\n\t\t\t\t\t\t\t<\/a>\n\t\t\t\t\t<\/div>\n\t\t<div class=\"gallery_grid_item tg_four_cols  gallery-grid-tilt lazy\">\n\t\t\t\t\t\t\t<a class=\"tg_gallery_lightbox\" href=\"https:\/\/kastil.hr\/wp-content\/uploads\/2025\/06\/Drveni-stolovi-medu-krosnjama-drveca.jpg\" data-thumb=\"https:\/\/kastil.hr\/wp-content\/uploads\/2025\/06\/Drveni-stolovi-medu-krosnjama-drveca-300x169.jpg\" data-rel=\"tg_galleryc76f678\"  >\n\t\t\t\t\t\t\t<img decoding=\"async\" src=\"\" data-src=\"https:\/\/kastil.hr\/wp-content\/uploads\/2025\/06\/Drveni-stolovi-medu-krosnjama-drveca-700x466.jpg\" class=\"lazy\" alt=\"Drveni stolovi me\u0111u zelenim kro\u0161njama ispred ulaza u restoran\" \/>\n\t\t\t\t\t\t\t<\/a>\n\t\t\t\t\t<\/div>\n\t\t<div class=\"gallery_grid_item tg_four_cols last gallery-grid-tilt lazy\">\n\t\t\t\t\t\t\t<a class=\"tg_gallery_lightbox\" href=\"https:\/\/kastil.hr\/wp-content\/uploads\/2025\/04\/vanjska-terasa-pogled-more-hotel-kastel-04-Medium.jpg\" data-thumb=\"https:\/\/kastil.hr\/wp-content\/uploads\/2025\/04\/vanjska-terasa-pogled-more-hotel-kastel-04-Medium-300x200.jpg\" data-rel=\"tg_galleryc76f678\"  >\n\t\t\t\t\t\t\t<img decoding=\"async\" src=\"\" data-src=\"https:\/\/kastil.hr\/wp-content\/uploads\/2025\/04\/vanjska-terasa-pogled-more-hotel-kastel-04-Medium-700x466.jpg\" class=\"lazy\" alt=\"Prekrasan aran\u017eman s bocom vina na vanjskoj terasi u zelenilu\" \/>\n\t\t\t\t\t\t\t<\/a>\n\t\t\t\t\t<\/div>\n\t\t<div class=\"gallery_grid_item tg_four_cols  gallery-grid-tilt lazy\">\n\t\t\t\t\t\t\t<a class=\"tg_gallery_lightbox\" href=\"https:\/\/kastil.hr\/wp-content\/uploads\/2025\/06\/Vecer-na-terasi-restorana-1.jpg\" data-thumb=\"https:\/\/kastil.hr\/wp-content\/uploads\/2025\/06\/Vecer-na-terasi-restorana-1-300x169.jpg\" data-rel=\"tg_galleryc76f678\"  >\n\t\t\t\t\t\t\t<img decoding=\"async\" src=\"\" data-src=\"https:\/\/kastil.hr\/wp-content\/uploads\/2025\/06\/Vecer-na-terasi-restorana-1-700x466.jpg\" class=\"lazy\" alt=\"Ve\u010der na romanti\u010dnoj terasi restorana uz zeleni dekor i maslinovo drvo\" \/>\n\t\t\t\t\t\t\t<\/a>\n\t\t\t\t\t<\/div>\n\t\t<div class=\"gallery_grid_item tg_four_cols  gallery-grid-tilt lazy\">\n\t\t\t\t\t\t\t<a class=\"tg_gallery_lightbox\" href=\"https:\/\/kastil.hr\/wp-content\/uploads\/2025\/06\/Stol-za-dvoje.jpg\" data-thumb=\"https:\/\/kastil.hr\/wp-content\/uploads\/2025\/06\/Stol-za-dvoje-300x169.jpg\" data-rel=\"tg_galleryc76f678\"  >\n\t\t\t\t\t\t\t<img decoding=\"async\" src=\"\" data-src=\"https:\/\/kastil.hr\/wp-content\/uploads\/2025\/06\/Stol-za-dvoje-700x466.jpg\" class=\"lazy\" alt=\"Minimalisti\u010dki dekoriran drveni stol za dvoje sa cvijetom i lampom\" \/>\n\t\t\t\t\t\t\t<\/a>\n\t\t\t\t\t<\/div>\n\t\t<div class=\"gallery_grid_item tg_four_cols  gallery-grid-tilt lazy\">\n\t\t\t\t\t\t\t<a class=\"tg_gallery_lightbox\" href=\"https:\/\/kastil.hr\/wp-content\/uploads\/2025\/06\/DSC06490.jpg\" data-thumb=\"https:\/\/kastil.hr\/wp-content\/uploads\/2025\/06\/DSC06490-300x225.jpg\" data-rel=\"tg_galleryc76f678\"  >\n\t\t\t\t\t\t\t<img decoding=\"async\" src=\"\" data-src=\"https:\/\/kastil.hr\/wp-content\/uploads\/2025\/06\/DSC06490-700x466.jpg\" class=\"lazy\" alt=\"Ukusan i zdrav svje\u017ee pripremljeni doru\u010dak uz cije\u0111eni sok i kavu\" \/>\n\t\t\t\t\t\t\t<\/a>\n\t\t\t\t\t<\/div>\n\t\t<div class=\"gallery_grid_item tg_four_cols last gallery-grid-tilt lazy\">\n\t\t\t\t\t\t\t<a class=\"tg_gallery_lightbox\" href=\"https:\/\/kastil.hr\/wp-content\/uploads\/2025\/04\/vanjska-terasa-pogled-more-hotel-kastel-03-Medium.jpg\" data-thumb=\"https:\/\/kastil.hr\/wp-content\/uploads\/2025\/04\/vanjska-terasa-pogled-more-hotel-kastel-03-Medium-300x200.jpg\" data-rel=\"tg_galleryc76f678\"  >\n\t\t\t\t\t\t\t<img decoding=\"async\" src=\"\" data-src=\"https:\/\/kastil.hr\/wp-content\/uploads\/2025\/04\/vanjska-terasa-pogled-more-hotel-kastel-03-Medium-700x466.jpg\" class=\"lazy\" alt=\"Mediteranski doru\u010dak na vanjskoj terasi s bocom vina\" \/>\n\t\t\t\t\t\t\t<\/a>\n\t\t\t\t\t<\/div>\n\t\t<div class=\"gallery_grid_item tg_four_cols  gallery-grid-tilt lazy\">\n\t\t\t\t\t\t\t<a class=\"tg_gallery_lightbox\" href=\"https:\/\/kastil.hr\/wp-content\/uploads\/2025\/06\/DSC06457.jpg\" data-thumb=\"https:\/\/kastil.hr\/wp-content\/uploads\/2025\/06\/DSC06457-300x225.jpg\" data-rel=\"tg_galleryc76f678\"  >\n\t\t\t\t\t\t\t<img decoding=\"async\" src=\"\" data-src=\"https:\/\/kastil.hr\/wp-content\/uploads\/2025\/06\/DSC06457-700x466.jpg\" class=\"lazy\" alt=\"Ukusan i zdrav svje\u017ee pripremljeni doru\u010dak uz cije\u0111eni sok i kavu\" \/>\n\t\t\t\t\t\t\t<\/a>\n\t\t\t\t\t<\/div>\n\t\t<div class=\"gallery_grid_item tg_four_cols  gallery-grid-tilt lazy\">\n\t\t\t\t\t\t\t<a class=\"tg_gallery_lightbox\" href=\"https:\/\/kastil.hr\/wp-content\/uploads\/2025\/05\/vanjska-terasa-pogled-more-hotel-kastel-07-Medium.jpg\" data-thumb=\"https:\/\/kastil.hr\/wp-content\/uploads\/2025\/05\/vanjska-terasa-pogled-more-hotel-kastel-07-Medium-300x200.jpg\" data-rel=\"tg_galleryc76f678\"  >\n\t\t\t\t\t\t\t<img decoding=\"async\" src=\"\" data-src=\"https:\/\/kastil.hr\/wp-content\/uploads\/2025\/05\/vanjska-terasa-pogled-more-hotel-kastel-07-Medium-700x466.jpg\" class=\"lazy\" alt=\"Ugodan aran\u017eman s bocom vina na vanjskoj terasi u zelenilu s pogledom na more\" \/>\n\t\t\t\t\t\t\t<\/a>\n\t\t\t\t\t<\/div>\n\t\t<div class=\"gallery_grid_item tg_four_cols  gallery-grid-tilt lazy\">\n\t\t\t\t\t\t\t<a class=\"tg_gallery_lightbox\" href=\"https:\/\/kastil.hr\/wp-content\/uploads\/2025\/06\/Terasa-Topolino-po-danu.jpg\" data-thumb=\"https:\/\/kastil.hr\/wp-content\/uploads\/2025\/06\/Terasa-Topolino-po-danu-300x169.jpg\" data-rel=\"tg_galleryc76f678\"  >\n\t\t\t\t\t\t\t<img decoding=\"async\" src=\"\" data-src=\"https:\/\/kastil.hr\/wp-content\/uploads\/2025\/06\/Terasa-Topolino-po-danu-700x466.jpg\" class=\"lazy\" alt=\"Velika i rasko\u0161na terasa Topolino po danu sa prirodnim hladom\" \/>\n\t\t\t\t\t\t\t<\/a>\n\t\t\t\t\t<\/div>\n\t\t<div class=\"gallery_grid_item tg_four_cols last gallery-grid-tilt lazy\">\n\t\t\t\t\t\t\t<a class=\"tg_gallery_lightbox\" href=\"https:\/\/kastil.hr\/wp-content\/uploads\/2025\/05\/vanjska-terasa-pogled-more-hotel-kastel-02-Medium.jpg\" data-thumb=\"https:\/\/kastil.hr\/wp-content\/uploads\/2025\/05\/vanjska-terasa-pogled-more-hotel-kastel-02-Medium-300x200.jpg\" data-rel=\"tg_galleryc76f678\"  >\n\t\t\t\t\t\t\t<img decoding=\"async\" src=\"\" data-src=\"https:\/\/kastil.hr\/wp-content\/uploads\/2025\/05\/vanjska-terasa-pogled-more-hotel-kastel-02-Medium-700x466.jpg\" class=\"lazy\" alt=\"Prekrasna zelena terasa s pogledom na more \u017eivih boja\" \/>\n\t\t\t\t\t\t\t<\/a>\n\t\t\t\t\t<\/div>\n\t\t<div class=\"gallery_grid_item tg_four_cols  gallery-grid-tilt lazy\">\n\t\t\t\t\t\t\t<a class=\"tg_gallery_lightbox\" href=\"https:\/\/kastil.hr\/wp-content\/uploads\/2025\/06\/Vanjska-terasa-restorana-Topolino.jpg\" data-thumb=\"https:\/\/kastil.hr\/wp-content\/uploads\/2025\/06\/Vanjska-terasa-restorana-Topolino-300x169.jpg\" data-rel=\"tg_galleryc76f678\"  >\n\t\t\t\t\t\t\t<img decoding=\"async\" src=\"\" data-src=\"https:\/\/kastil.hr\/wp-content\/uploads\/2025\/06\/Vanjska-terasa-restorana-Topolino-700x466.jpg\" class=\"lazy\" alt=\"Gosti u\u017eivaju na drvenoj terasi restorana Topolino u hladu borova, uz opu\u0161tenu atmosferu i prirodno okru\u017eenje u centru Bola\" \/>\n\t\t\t\t\t\t\t<\/a>\n\t\t\t\t\t<\/div>\n\t\t<div class=\"gallery_grid_item tg_four_cols  gallery-grid-tilt lazy\">\n\t\t\t\t\t\t\t<a class=\"tg_gallery_lightbox\" href=\"https:\/\/kastil.hr\/wp-content\/uploads\/2025\/04\/vanjska-terasa-pogled-more-hotel-kastel-08-Medium.jpg\" data-thumb=\"https:\/\/kastil.hr\/wp-content\/uploads\/2025\/04\/vanjska-terasa-pogled-more-hotel-kastel-08-Medium-300x200.jpg\" data-rel=\"tg_galleryc76f678\"  >\n\t\t\t\t\t\t\t<img decoding=\"async\" src=\"\" data-src=\"https:\/\/kastil.hr\/wp-content\/uploads\/2025\/04\/vanjska-terasa-pogled-more-hotel-kastel-08-Medium-700x466.jpg\" class=\"lazy\" alt=\"Ugodan aran\u017eman s bocom vina na vanjskoj terasi u zelenilu s pogledom na more\" \/>\n\t\t\t\t\t\t\t<\/a>\n\t\t\t\t\t<\/div>\n\t\t<div class=\"gallery_grid_item tg_four_cols  gallery-grid-tilt lazy\">\n\t\t\t\t\t\t\t<a class=\"tg_gallery_lightbox\" href=\"https:\/\/kastil.hr\/wp-content\/uploads\/2025\/06\/DSC06408.jpg\" data-thumb=\"https:\/\/kastil.hr\/wp-content\/uploads\/2025\/06\/DSC06408-300x225.jpg\" data-rel=\"tg_galleryc76f678\"  >\n\t\t\t\t\t\t\t<img decoding=\"async\" src=\"\" data-src=\"https:\/\/kastil.hr\/wp-content\/uploads\/2025\/06\/DSC06408-700x466.jpg\" class=\"lazy\" alt=\"Uredno slo\u017eeni drveni stolovi restorana \u010dekaju na goste\" \/>\n\t\t\t\t\t\t\t<\/a>\n\t\t\t\t\t<\/div>\n\t\t<div class=\"gallery_grid_item tg_four_cols last gallery-grid-tilt lazy\">\n\t\t\t\t\t\t\t<a class=\"tg_gallery_lightbox\" href=\"https:\/\/kastil.hr\/wp-content\/uploads\/2025\/06\/DSC06386.jpg\" data-thumb=\"https:\/\/kastil.hr\/wp-content\/uploads\/2025\/06\/DSC06386-300x225.jpg\" data-rel=\"tg_galleryc76f678\"  >\n\t\t\t\t\t\t\t<img decoding=\"async\" src=\"\" data-src=\"https:\/\/kastil.hr\/wp-content\/uploads\/2025\/06\/DSC06386-700x466.jpg\" class=\"lazy\" alt=\"Rasko\u0161ne zelene kro\u0161nje drve\u0107a \u010duvaju mjesta u resoranu od sunca\" \/>\n\t\t\t\t\t\t\t<\/a>\n\t\t\t\t\t<\/div>\n\t\t<div class=\"gallery_grid_item tg_four_cols  gallery-grid-tilt lazy\">\n\t\t\t\t\t\t\t<a class=\"tg_gallery_lightbox\" href=\"https:\/\/kastil.hr\/wp-content\/uploads\/2025\/05\/vanjska-terasa-pogled-more-hotel-kastel-01-Medium.jpg\" data-thumb=\"https:\/\/kastil.hr\/wp-content\/uploads\/2025\/05\/vanjska-terasa-pogled-more-hotel-kastel-01-Medium-300x200.jpg\" data-rel=\"tg_galleryc76f678\"  >\n\t\t\t\t\t\t\t<img decoding=\"async\" src=\"\" data-src=\"https:\/\/kastil.hr\/wp-content\/uploads\/2025\/05\/vanjska-terasa-pogled-more-hotel-kastel-01-Medium-700x466.jpg\" class=\"lazy\" alt=\"Prekrasna zelena terasa s pogledom na more \u017eivih boja\" \/>\n\t\t\t\t\t\t\t<\/a>\n\t\t\t\t\t<\/div>\n\t\t<div class=\"gallery_grid_item tg_four_cols  gallery-grid-tilt lazy\">\n\t\t\t\t\t\t\t<a class=\"tg_gallery_lightbox\" href=\"https:\/\/kastil.hr\/wp-content\/uploads\/2025\/06\/DSC06465.jpg\" data-thumb=\"https:\/\/kastil.hr\/wp-content\/uploads\/2025\/06\/DSC06465-300x225.jpg\" data-rel=\"tg_galleryc76f678\"  >\n\t\t\t\t\t\t\t<img decoding=\"async\" src=\"\" data-src=\"https:\/\/kastil.hr\/wp-content\/uploads\/2025\/06\/DSC06465-700x466.jpg\" class=\"lazy\" alt=\"\u010carobno iskustvo ukusnog i zdravog doru\u010dka sa aktraktivnim aran\u017emanom\" \/>\n\t\t\t\t\t\t\t<\/a>\n\t\t\t\t\t<\/div>\n\t\t<div class=\"gallery_grid_item tg_four_cols  gallery-grid-tilt lazy\">\n\t\t\t\t\t\t\t<a class=\"tg_gallery_lightbox\" href=\"https:\/\/kastil.hr\/wp-content\/uploads\/2025\/06\/DSC06119.jpg\" data-thumb=\"https:\/\/kastil.hr\/wp-content\/uploads\/2025\/06\/DSC06119-300x169.jpg\" data-rel=\"tg_galleryc76f678\"  >\n\t\t\t\t\t\t\t<img decoding=\"async\" src=\"\" data-src=\"https:\/\/kastil.hr\/wp-content\/uploads\/2025\/06\/DSC06119-700x466.jpg\" class=\"lazy\" alt=\"Pomno odabrani doma\u0107i za\u010dini slo\u017eeni na stol restorana za najbolji gurmanski u\u017eitak\" \/>\n\t\t\t\t\t\t\t<\/a>\n\t\t\t\t\t<\/div>\n\t\t<div class=\"gallery_grid_item tg_four_cols last gallery-grid-tilt lazy\">\n\t\t\t\t\t\t\t<a class=\"tg_gallery_lightbox\" href=\"https:\/\/kastil.hr\/wp-content\/uploads\/2025\/06\/DSC06134.jpg\" data-thumb=\"https:\/\/kastil.hr\/wp-content\/uploads\/2025\/06\/DSC06134-300x169.jpg\" data-rel=\"tg_galleryc76f678\"  >\n\t\t\t\t\t\t\t<img decoding=\"async\" src=\"\" data-src=\"https:\/\/kastil.hr\/wp-content\/uploads\/2025\/06\/DSC06134-700x466.jpg\" class=\"lazy\" alt=\"Dru\u017eeljubivo i obiteljsko okru\u017eenje i mirna atmosfera u ve\u010dernjim satima\" \/>\n\t\t\t\t\t\t\t<\/a>\n\t\t\t\t\t<\/div>\n\t\t<div class=\"gallery_grid_item tg_four_cols  gallery-grid-tilt lazy\">\n\t\t\t\t\t\t\t<a class=\"tg_gallery_lightbox\" href=\"https:\/\/kastil.hr\/wp-content\/uploads\/2025\/06\/DSC06142.jpg\" data-thumb=\"https:\/\/kastil.hr\/wp-content\/uploads\/2025\/06\/DSC06142-300x169.jpg\" data-rel=\"tg_galleryc76f678\"  >\n\t\t\t\t\t\t\t<img decoding=\"async\" src=\"\" data-src=\"https:\/\/kastil.hr\/wp-content\/uploads\/2025\/06\/DSC06142-700x466.jpg\" class=\"lazy\" alt=\"\u017diva muzika ispod moderne svijetle\u0107e reklame restorana zabavlja vjerne goste\" \/>\n\t\t\t\t\t\t\t<\/a>\n\t\t\t\t\t<\/div>\n\t\t<div class=\"gallery_grid_item tg_four_cols  gallery-grid-tilt lazy\">\n\t\t\t\t\t\t\t<a class=\"tg_gallery_lightbox\" href=\"https:\/\/kastil.hr\/wp-content\/uploads\/2025\/06\/DSC06195.jpg\" data-thumb=\"https:\/\/kastil.hr\/wp-content\/uploads\/2025\/06\/DSC06195-300x169.jpg\" data-rel=\"tg_galleryc76f678\"  >\n\t\t\t\t\t\t\t<img decoding=\"async\" src=\"\" data-src=\"https:\/\/kastil.hr\/wp-content\/uploads\/2025\/06\/DSC06195-700x466.jpg\" class=\"lazy\" alt=\"Najbolja atmosfera za u\u017eivanje u toploj ljetnjoj ve\u010deri za praove i obitelji te prijatelje\" \/>\n\t\t\t\t\t\t\t<\/a>\n\t\t\t\t\t<\/div>\n\t\t<div class=\"gallery_grid_item tg_four_cols  gallery-grid-tilt lazy\">\n\t\t\t\t\t\t\t<a class=\"tg_gallery_lightbox\" href=\"https:\/\/kastil.hr\/wp-content\/uploads\/2025\/06\/DSC06220.jpg\" data-thumb=\"https:\/\/kastil.hr\/wp-content\/uploads\/2025\/06\/DSC06220-300x169.jpg\" data-rel=\"tg_galleryc76f678\"  >\n\t\t\t\t\t\t\t<img decoding=\"async\" src=\"\" data-src=\"https:\/\/kastil.hr\/wp-content\/uploads\/2025\/06\/DSC06220-700x466.jpg\" class=\"lazy\" alt=\"Simfonija ure\u0111enja terase restorana sa modernim namje\u0161tajem\" \/>\n\t\t\t\t\t\t\t<\/a>\n\t\t\t\t\t<\/div>\n\t\t<div class=\"gallery_grid_item tg_four_cols last gallery-grid-tilt lazy\">\n\t\t\t\t\t\t\t<a class=\"tg_gallery_lightbox\" href=\"https:\/\/kastil.hr\/wp-content\/uploads\/2025\/06\/DSC06240.jpg\" data-thumb=\"https:\/\/kastil.hr\/wp-content\/uploads\/2025\/06\/DSC06240-300x169.jpg\" data-rel=\"tg_galleryc76f678\"  >\n\t\t\t\t\t\t\t<img decoding=\"async\" src=\"\" data-src=\"https:\/\/kastil.hr\/wp-content\/uploads\/2025\/06\/DSC06240-700x466.jpg\" class=\"lazy\" alt=\"Romanti\u010dni ugo\u0111aj ljetnjih ve\u010deri na mirnoj terasi restorana\" \/>\n\t\t\t\t\t\t\t<\/a>\n\t\t\t\t\t<\/div>\n<br class=\"clear\"\/>\n<\/div>\n\t\t<\/div>\n\t\t\t\t<\/div>\n\t\t\t\t\t<\/div>\n\t\t<\/div>\n\t\t\t\t\t\t\t<\/div>\n\t\t<\/section>\n\t\t\t\t<section class=\"elementor-section elementor-top-section elementor-element elementor-element-e9e3e35 elementor-section-stretched elementor-section-height-min-height elementor-section-boxed elementor-section-height-default elementor-section-items-middle\" data-id=\"e9e3e35\" data-element_type=\"section\" data-settings=\"{&quot;stretch_section&quot;:&quot;section-stretched&quot;,&quot;shape_divider_bottom&quot;:&quot;waves&quot;,&quot;hoteller_ext_is_background_parallax&quot;:&quot;false&quot;,&quot;hoteller_ext_is_background_on_scroll&quot;:&quot;false&quot;}\">\n\t\t\t\t\t<div class=\"elementor-shape elementor-shape-bottom\" data-negative=\"false\">\n\t\t\t<svg xmlns=\"http:\/\/www.w3.org\/2000\/svg\" viewBox=\"0 0 1000 100\" preserveAspectRatio=\"none\">\n\t<path class=\"elementor-shape-fill\" d=\"M421.9,6.5c22.6-2.5,51.5,0.4,75.5,5.3c23.6,4.9,70.9,23.5,100.5,35.7c75.8,32.2,133.7,44.5,192.6,49.7\n\tc23.6,2.1,48.7,3.5,103.4-2.5c54.7-6,106.2-25.6,106.2-25.6V0H0v30.3c0,0,72,32.6,158.4,30.5c39.2-0.7,92.8-6.7,134-22.4\n\tc21.2-8.1,52.2-18.2,79.7-24.2C399.3,7.9,411.6,7.5,421.9,6.5z\"\/>\n<\/svg>\t\t<\/div>\n\t\t\t\t\t<div class=\"elementor-container elementor-column-gap-default\">\n\t\t\t\t\t<div class=\"elementor-column elementor-col-100 elementor-top-column elementor-element elementor-element-b53abb0\" data-id=\"b53abb0\" data-element_type=\"column\" data-settings=\"{&quot;hoteller_ext_is_scrollme&quot;:&quot;false&quot;,&quot;hoteller_ext_is_smoove&quot;:&quot;false&quot;,&quot;hoteller_ext_is_parallax_mouse&quot;:&quot;false&quot;,&quot;hoteller_ext_is_infinite&quot;:&quot;false&quot;,&quot;hoteller_ext_is_fadeout_animation&quot;:&quot;false&quot;}\">\n\t\t\t<div class=\"elementor-widget-wrap\">\n\t\t\t\t\t\t\t\t\t<\/div>\n\t\t<\/div>\n\t\t\t\t\t\t\t<\/div>\n\t\t<\/section>\n\t\t\t\t\t\t\t<\/div>\n\t\t","protected":false},"excerpt":{"rendered":"<p>Restaurant and Pizzeria Toplino The terrace of the pizzeria\/restaurant Topolino is just a few meters from the sea. With a few old pine trees and live music, it&#8217;s clear why there&#8217;s always a free seat waiting in Topolino. In addition [&hellip;]<\/p>\n","protected":false},"author":2,"featured_media":0,"parent":0,"menu_order":0,"comment_status":"closed","ping_status":"closed","template":"","meta":{"footnotes":""},"class_list":["post-2920","page","type-page","status-publish","hentry"],"_links":{"self":[{"href":"https:\/\/kastil.hr\/en\/wp-json\/wp\/v2\/pages\/2920","targetHints":{"allow":["GET"]}}],"collection":[{"href":"https:\/\/kastil.hr\/en\/wp-json\/wp\/v2\/pages"}],"about":[{"href":"https:\/\/kastil.hr\/en\/wp-json\/wp\/v2\/types\/page"}],"author":[{"embeddable":true,"href":"https:\/\/kastil.hr\/en\/wp-json\/wp\/v2\/users\/2"}],"replies":[{"embeddable":true,"href":"https:\/\/kastil.hr\/en\/wp-json\/wp\/v2\/comments?post=2920"}],"version-history":[{"count":212,"href":"https:\/\/kastil.hr\/en\/wp-json\/wp\/v2\/pages\/2920\/revisions"}],"predecessor-version":[{"id":9972,"href":"https:\/\/kastil.hr\/en\/wp-json\/wp\/v2\/pages\/2920\/revisions\/9972"}],"wp:attachment":[{"href":"https:\/\/kastil.hr\/en\/wp-json\/wp\/v2\/media?parent=2920"}],"curies":[{"name":"wp","href":"https:\/\/api.w.org\/{rel}","templated":true}]}}